{"id":3,"date":"2019-02-16T19:09:57","date_gmt":"2019-02-16T18:09:57","guid":{"rendered":"http:\/\/www.elernia.cetem.es\/elernia\/?page_id=3"},"modified":"2019-04-12T19:29:57","modified_gmt":"2019-04-12T17:29:57","slug":"politica-privacidad","status":"publish","type":"page","link":"https:\/\/www.elernia.cetem.es\/elernia\/politica-privacidad\/","title":{"rendered":"Pol\u00edtica de privacidad"},"content":{"rendered":"[vc_row el_class=\u00bbanchura-poco-reducida\u00bb][vc_column][vc_column_text]\n<h1>Pol\u00edtica de privacidad<\/h1>\n<p>Tu privacidad es muy importante para nosotros, como tambi\u00e9n es importante que conozcas c\u00f3mo recopilamos, usamos y compartimos informaci\u00f3n sobre ti. En esta pol\u00edtica tenemos los siguientes apartados:<\/p>\n<p>\u2022 Qui\u00e9nes Somos<br \/>\n\u2022 Utilizaci\u00f3n del portal<br \/>\n\u2022 Recogida y tratamiento de datos de cara\u0301cter personal<br \/>\n\u2022 Destinatarios de los datos de cara\u0301cter personal<br \/>\n\u2022 Derechos de acceso, rectificacio\u0301n, cancelacio\u0301n y oposicio\u0301n<br \/>\n\u2022 Poli\u0301tica de Cookies<br \/>\n\u2022 Redes Sociales y enlaces<br \/>\n\u2022 Consentimiento expreso<br \/>\n\u2022 Base normativa<\/p>\n<p><strong>1.- Qui\u00e9nes somos<\/strong><br \/>\nTe informamos de que toda la informaci\u00f3n que nos facilites a traves de esta p\u00e1gina web ser\u00e1 incorporada a ficheros automatizados de datos personales de los que el responsable es Centro Tecnol\u00f3gico del Mueble y la Madera de la Regi\u00f3n de Murcia (en adelante, CETEM), con domicilio a estos efectos en Calle Perales S\/N n\u00famero de C.I.F. G30434245 inscrita en el Registro de Entidades Jur\u00eddicas del Ministerio de Econom\u00eda y Hacienda con fecha 15 de diciembre de 1994.<\/p>\n<p>De conformidad con lo dispuesto en el REGLAMENTO (UE) 2016\/679 DEL PARLAMENTO EUROPEO Y DEL CONSEJO de 27 de abril de 2016, relativo a la protecci\u00f3n de las personas f\u00edsicas en lo que respecta al tratamiento de datos personales y a la libre circulaci\u00f3n de estos datos (Reglamento General de Protecci\u00f3n de Datos, en adelante RGPD), CETEM atender\u00e1 en el buz\u00f3n de correo electr\u00f3nico disponible en la direcci\u00f3n protecciondedatos@CETEM.es<\/p>\n<p><strong>2.- Utilizaci\u00f3n del portal<\/strong><br \/>\nwww.cetem.es proporciona el acceso a multitud de informaciones, servicios, programas o datos (en adelante, \u00ablos contenidos\u00bb) en Internet pertenecientes a CETEM o a sus licenciantes a los que el USUARIO pueda tener acceso. El USUARIO asume la responsabilidad del uso del portal. Dicha responsabilidad se extiende al registro que fuese necesario para acceder a determinados servicios o contenidos. En dicho registro el USUARIO ser\u00e1 responsable de aportar informaci\u00f3n veraz y l\u00edcita. Como consecuencia de este registro, al USUARIO se le puede proporcionar una contrase\u00f1a de la que ser\u00e1 responsable, comprometi\u00e9ndose a hacer un uso diligente y confidencial de la misma. El USUARIO se compromete a hacer un uso adecuado de los contenidos y servicios (como por ejemplo servicios de chat, foros de discusi\u00f3n o grupos de noticias) que CETEM ofrece a trav\u00e9s de su portal y con car\u00e1cter enunciativo pero no limitativo, a no emplearlos para (i) incurrir en actividades il\u00edcitas, ilegales o contrarias a la buena fe y al orden p\u00fablico; (ii) difundir contenidos o propaganda de car\u00e1cter racista, xen\u00f3fobo, pornogr\u00e1fico-ilegal, de apolog\u00eda del terrorismo o atentatorio contra los derechos humanos; (iii) provocar da\u00f1os en los sistemas f\u00edsicos y l\u00f3gicos de CETEM , de sus proveedores o de terceras personas, introducir o difundir en la red virus inform\u00e1ticos o cualesquiera otros sistemas f\u00edsicos o l\u00f3gicos que sean susceptibles de provocar los da\u00f1os anteriormente mencionados; (iv) intentar acceder y, en su caso, utilizar las cuentas de correo electr\u00f3nico de otros usuarios y modificar o manipular sus mensajes. CETEM se reserva el derecho de retirar todos aquellos comentarios y aportaciones que vulneren el respeto a la dignidad de la persona, que sean discriminatorios, xen\u00f3fobos, racistas, pornogr\u00e1ficos, que atenten contra la juventud o la infancia, el orden o la seguridad p\u00fablica o que, a su juicio, no resultaran adecuados para su publicaci\u00f3n. En cualquier caso, CETEM no ser\u00e1 responsable de las opiniones vertidas por los usuarios a trav\u00e9s de los foros, chats, u otras herramientas de participaci\u00f3n.<\/p>\n<p>CETEM no se hace responsable, en ning\u00fan caso, de los da\u00f1os y perjuicios de cualquier naturaleza que pudieran ocasionar, a t\u00edtulo enunciativo: errores u omisiones en los contenidos, falta de disponibilidad del portal o la transmisi\u00f3n de virus o programas maliciosos o lesivos en los contenidos, a pesar de haber adoptado todas las medidas tecnol\u00f3gicas necesarias para evitarlo. CETEM se reserva el derecho de efectuar sin previo aviso las modificaciones que considere oportunas en su portal, pudiendo cambiar, suprimir o a\u00f1adir tanto los contenidos y servicios que se presten a trav\u00e9s de la misma como la forma en la que \u00e9stos aparezcan presentados o localizados en su portal.<\/p>\n<p><strong>3.- Recogida y tratamiento de datos de cara\u0301cter personal<\/strong><br \/>\nLos datos personales que nos aportas durante el procedimiento de registro y aquellos que posteriormente sean requeridos con car\u00e1cter obligatorio, ser\u00e1n los m\u00ednimos necesarios para que CETEM pueda ofrecerte sus servicios y su tratamiento tendr\u00e1 como finalidad la gesti\u00f3n de los pedidos realizados por su parte. La base jur\u00eddica para dicho tratamiento ser\u00e1 permitir que CETEM de cumplimiento a sus obligaciones frente a sus clientes. De haber otorgado previamente su consentimiento expreso, utilizaremos su direccio\u0301n de correo electro\u0301nico para el envi\u0301o de comunicaciones comerciales. Puedes darte de baja de las mismas en cualquier momento, enviando un mensaje a nuestra direccio\u0301n de contacto aqui\u0301 descrita o haciendo click en el link previsto para ello en el e-mail con dicha comunicacio\u0301n comercial.<\/p>\n<p>Salvo que consientas de forma expresa la continuacio\u0301n del uso de sus datos personales, estos sera\u0301n bloqueados una vez se haya ejecutado el pedido y el precio de compra haya sido abonado en su totalidad. Tus datos personales sera\u0301n eliminados transcurrido el plazo legalmente establecido para el cumplimiento de nuestras obligaciones mercantiles y fiscales, siempre y cuando no hayas autorizado expresamente la continuacio\u0301n de su uso.<\/p>\n<p><strong>4.- Destinatarios de los datos de cara\u0301cter personal.<\/strong><br \/>\nTodos los datos que nos facilites ser\u00e1n utilizados inicialmente \u00fanicamente por CETEM. La legitimaci\u00f3n para la cesi\u00f3n de datos a terceras empresas (como en el caso de cesi\u00f3n de curr\u00edculums a empresas asociadas a CETEM as\u00ed como la publicaci\u00f3n de informaci\u00f3n sobre jornadas en redes sociales e inclusi\u00f3n en la memoria de CETEM) ser\u00e1 el consentimiento Explicito en caso de que el usuario lo conceda, salvo estos casos s\u00f3lo cederemos los datos a terceros en caso de obligaci\u00f3n legal<\/p>\n<p><strong>5.- Derechos de acceso, rectificacio\u0301n, cancelacio\u0301n y oposicio\u0301n<\/strong><br \/>\nPuedes ejercer tus derechos de acceso, rectificaci\u00f3n, supresi\u00f3n, limitaci\u00f3n y oposici\u00f3n sobre sus datos personales, dirigiendo con la referencia \u201cProtecci\u00f3n de datos personales\u201c, de forma gratuita, enviando un correo electro\u0301nico a la direccio\u0301n: protecciondedatos@cetem.es.<\/p>\n<p>En el buz\u00f3n mencionado atenderemos todas las dudas y reclamaciones relativas al tratamiento de tus datos personales que se te presenten. En ocasiones podremos requerirte para que confirmes tu identidad mediante el env\u00edo de una copia de tu documento de identidad. Todos los afectados por nuestros tratamientos de datos podr\u00e1n, en caso de no estar de acuerdo con las explicaciones dadas, plantear una reclamaci\u00f3n ante la autoridad de control que corresponda a su domicilio.<\/p>\n<p>Publicaremos cualquier cambio que introduzcamos en nuestra pol\u00edtica de privacidad. En cualquier caso, si los cambios son significativos, proporcionaremos un aviso prominente en nuestro sitio web, o mediante el env\u00edo de una notificaci\u00f3n por correo electr\u00f3nico.<\/p>\n<p>Te invitamos a revisar nuestra pol\u00edtica de privacidad siempre que utilices nuestros servicios para mantenerte informado sobre nuestras pr\u00e1cticas de informaci\u00f3n y las formas en que puede proteger tu privacidad. Si no est\u00e1s de acuerdo con cualquier cambio en esta pol\u00edtica de privacidad, que se refiera a los tratamientos necesarios para la prestaci\u00f3n de nuestros servicios deber\u00e1s dejar de utilizarlos y solicitar la supresi\u00f3n de sus datos, tal y como se indica en el apartado anterior.<\/p>\n<p><strong>6.- Poli\u0301tica de Cookies<\/strong><br \/>\nNuestro sitio web www.CETEM.es (el \u201cSitio Web\u201d) utiliza una tecnolog\u00eda denominada \u201ccookies\u201d con la finalidad de poder recabar informaci\u00f3n acerca del uso del Sitio Web. Te informamos de que podemos utilizar cookies con la finalidad de facilitar tu navegaci\u00f3n a trav\u00e9s del Sitio Web, distinguirte de otros usuarios, proporcionarte una mejor experiencia en el uso del mismo, e identificar problemas para mejorar nuestro Sitio Web. Asimismo, en caso de que prestes tu consentimiento, utilizaremos cookies que nos permitan obtener m\u00e1s informaci\u00f3n acerca de tus preferencias y personalizar nuestro Sitio Web de conformidad con sus intereses individuales.<\/p>\n<p>Las cookies que utiliza nuestro sitio web son:<\/p>\n<p>Cookies de registro: que se generan una vez que el Usuario se ha registrado o posteriormente ha abierto su sesi\u00f3n, y se utilizan para identificarle en las web y servicios con los siguientes objetivos:<\/p>\n<p>\u2022 Mantener al usuario identificado de forma que, si cierra un servicio o web, el navegador o el ordenador y en otro momento u otro d\u00eda vuelve a entrar en dicho servicio o web, seguir\u00e1 identificado, facilitando as\u00ed su navegaci\u00f3n sin tener que volver a identificarse. Esta funcionalidad se puede suprimir si el usuario pulsa la funcionalidad \u201cSalir\u201d, de forma que esta Cookie se elimina y la pr\u00f3xima vez que entre en la web el usuario tendr\u00e1 que iniciar sesi\u00f3n para estar identificado.<\/p>\n<p>\u2022 Comprobar si el usuario est\u00e1 autorizado para acceder a ciertos servicios, por ejemplo, para participar en un concurso.<\/p>\n<p>\u2022 Adicionalmente, algunos servicios pueden utilizar conectores de terceros tales como Facebook, Twitter o Google. Cuando el usuario se registra en un servicio con credenciales de una red social o sistema de identificaci\u00f3n de terceros, autoriza al mismo a guardar una cookie persistente que recuerda su identidad y le garantiza acceso a la web hasta que expira. El usuario puede borrar esta cookie y revocar el acceso a la web mediante redes sociales o sistema de identificaci\u00f3n de terceros actualizando sus preferencias en la red social que espec\u00edfica.<\/p>\n<p>Cookies de anal\u00edtica: cada vez que un Usuario visita una Web o Servicio, una herramienta de un proveedor externo (Google Analytics, comScore y similares) genera una cookie anal\u00edtica en el dispositivo del usuario. Esta cookie que s\u00f3lo se genera en la visita, servir\u00e1 en pr\u00f3ximas visitas a los servicios de CETEM para identificar de forma an\u00f3nima al visitante. Los objetivos principales que se persiguen son, permitir la identificaci\u00f3n an\u00f3nima de los usuarios navegantes a trav\u00e9s de la \u201cCookie\u201d, identificar de forma an\u00f3nima los contenidos m\u00e1s atractivos para los usuarios y saber si el usuario repite visita.<\/p>\n<p>Cookies de publicidad: este tipo de cookies permiten ampliar la informaci\u00f3n de los anuncios mostrados a cada usuario an\u00f3nimo en las webs de CETEM. Entre otros, se almacena la duraci\u00f3n o frecuencia de visualizaci\u00f3n de posiciones publicitarias, la interacci\u00f3n con las mismas, o los patrones de navegaci\u00f3n y\/o comportamientos del usuario ya que ayudan a conformar un perfil de inter\u00e9s publicitario. De este modo, permiten ofrecer publicidad af\u00edn a los intereses del usuario.<\/p>\n<p>Usted puede retirar en cualquier momento su consentimiento relacionado con la presente Pol\u00edtica de Cookies para lo cual, deber\u00e1 eliminarlas del almacenamiento de su equipo (ordenador o dispositivo m\u00f3vil) a trav\u00e9s de los ajustes y configuraciones de su navegador de Internet. Salvo que haya ajustado la configuraci\u00f3n de su navegador, nuestro sistema crear\u00e1 cookies en cuanto visite nuestro Sitio Web. Tenga presente que todos los navegadores permiten el cambio de dicha configuraci\u00f3n.<\/p>\n<p><strong>7.- Redes Sociales y enlaces<\/strong><br \/>\nA trav\u00e9s de nuestra p\u00e1gina web puedes acceder a las redes sociales Facebook, Twitter o Youtube cuyo acces acceso est\u00e1 abierto a todos los usuarios. En estas redes sociales el usuario puede registrarse y seguirnos de forma gratuita. Aqu\u00ed el usuario podr\u00e1 seguir nuestras actividades, conocer opiniones, acceder a fotos y videos\u2026 El usuario debe ser consciente de que estas redes sociales son independientes de www.cetem.es, estas redes sociales est\u00e1n abiertas (son visibles a todos los usuarios de la red social) y las pol\u00edticas de privacidad vienen fijadas por cada una de las redes sociales (Twitter, Facebook, youtube\u2026 seg\u00fan cada caso). www.cetem.es no es titular de estas redes sociales.<\/p>\n<p>Tambi\u00e9n podemos tener en nuestra p\u00e1gina web enlaces hacia otros sitios de internet. El usuario tambi\u00e9n debe ser consciente de que son webs sobre las que CETEM no ejerce ning\u00fan control y, por tanto, no podemos ser responsable de la calidad de los contenidos existentes en el destino de estos enlaces. La inclusi\u00f3n de estos enlaces no implica ning\u00fan tipo de asociaci\u00f3n entre CETEM y las entidades a las que se realice el enlace.<\/p>\n<p><strong>8.- Consentimiento Expreso<\/strong><br \/>\nDe haber otorgado previamente su consentimiento expreso, utilizaremos su direccio\u0301n de correo electro\u0301nico para el envi\u0301o de comunicaciones comerciales. Usted puede darse de baja de las mismas en cualquier momento, enviando un mensaje a nuestra direccio\u0301n de contacto aqui\u0301 descrita o haciendo click en el link previsto para ello en el e-mail con dicha comunicacio\u0301n comercial.<\/p>\n<p><strong>9.- Base normativa<\/strong><br \/>\n\u2022 REGLAMENTO (UE) 2016\/679 DEL PARLAMENTO EUROPEO Y DEL CONSEJO de 27 de abril de 2016, relativo a la protecci\u00f3n de las personas f\u00edsicas en lo que respecta al tratamiento de datos personales y a la libre circulaci\u00f3n de estos datos<\/p>\n<p>\u2022 La Ley 34\/2002 de 11 de julio de Servicios de la Sociedad de la Informaci\u00f3n y de Comercio Electr\u00f3nico (LSSI)[\/vc_column_text][\/vc_column][\/vc_row]\n","protected":false},"excerpt":{"rendered":"<p>[vc_row el_class=\u00bbanchura-poco-reducida\u00bb][vc_column][vc_column_text] Pol\u00edtica de privacidad Tu privacidad es muy importante para nosotros, como tambi\u00e9n&#8230;<\/p>\n","protected":false},"author":1,"featured_media":0,"parent":0,"menu_order":0,"comment_status":"closed","ping_status":"open","template":"","meta":{"inline_featured_image":false},"yoast_head":"<!-- This site is optimized with the Yoast SEO plugin v19.13 - https:\/\/yoast.com\/wordpress\/plugins\/seo\/ -->\n<title>Pol\u00edtica de privacidad - Elernia , Portal de formaci\u00f3n CETEM<\/title>\n<meta name=\"robots\" content=\"noindex, follow\" \/>\n<meta property=\"og:locale\" content=\"es_ES\" \/>\n<meta property=\"og:type\" content=\"article\" \/>\n<meta property=\"og:title\" content=\"Pol\u00edtica de privacidad - Elernia , Portal de formaci\u00f3n CETEM\" \/>\n<meta property=\"og:description\" content=\"[vc_row el_class=\u00bbanchura-poco-reducida\u00bb][vc_column][vc_column_text] Pol\u00edtica de privacidad Tu privacidad es muy importante para nosotros, como tambi\u00e9n...\" \/>\n<meta property=\"og:url\" content=\"https:\/\/www.elernia.cetem.es\/elernia\/politica-privacidad\/\" \/>\n<meta property=\"og:site_name\" content=\"Elernia\" \/>\n<meta property=\"article:modified_time\" content=\"2019-04-12T17:29:57+00:00\" \/>\n<meta name=\"twitter:card\" content=\"summary_large_image\" \/>\n<meta name=\"twitter:label1\" content=\"Tiempo de lectura\" \/>\n\t<meta name=\"twitter:data1\" content=\"11 minutos\" \/>\n<script type=\"application\/ld+json\" class=\"yoast-schema-graph\">{\"@context\":\"https:\/\/schema.org\",\"@graph\":[{\"@type\":\"WebPage\",\"@id\":\"https:\/\/www.elernia.cetem.es\/elernia\/politica-privacidad\/\",\"url\":\"https:\/\/www.elernia.cetem.es\/elernia\/politica-privacidad\/\",\"name\":\"Pol\u00edtica de privacidad - Elernia , Portal de formaci\u00f3n CETEM\",\"isPartOf\":{\"@id\":\"https:\/\/www.elernia.cetem.es\/elernia\/#website\"},\"datePublished\":\"2019-02-16T18:09:57+00:00\",\"dateModified\":\"2019-04-12T17:29:57+00:00\",\"breadcrumb\":{\"@id\":\"https:\/\/www.elernia.cetem.es\/elernia\/politica-privacidad\/#breadcrumb\"},\"inLanguage\":\"es\",\"potentialAction\":[{\"@type\":\"ReadAction\",\"target\":[\"https:\/\/www.elernia.cetem.es\/elernia\/politica-privacidad\/\"]}]},{\"@type\":\"BreadcrumbList\",\"@id\":\"https:\/\/www.elernia.cetem.es\/elernia\/politica-privacidad\/#breadcrumb\",\"itemListElement\":[{\"@type\":\"ListItem\",\"position\":1,\"name\":\"Portada\",\"item\":\"https:\/\/www.elernia.cetem.es\/elernia\/\"},{\"@type\":\"ListItem\",\"position\":2,\"name\":\"Pol\u00edtica de privacidad\"}]},{\"@type\":\"WebSite\",\"@id\":\"https:\/\/www.elernia.cetem.es\/elernia\/#website\",\"url\":\"https:\/\/www.elernia.cetem.es\/elernia\/\",\"name\":\"Elernia\",\"description\":\"Portal de formaci\u00f3n de CETEM\",\"potentialAction\":[{\"@type\":\"SearchAction\",\"target\":{\"@type\":\"EntryPoint\",\"urlTemplate\":\"https:\/\/www.elernia.cetem.es\/elernia\/?s={search_term_string}\"},\"query-input\":\"required name=search_term_string\"}],\"inLanguage\":\"es\"}]}<\/script>\n<!-- \/ Yoast SEO plugin. -->","yoast_head_json":{"title":"Pol\u00edtica de privacidad - Elernia , Portal de formaci\u00f3n CETEM","robots":{"index":"noindex","follow":"follow"},"og_locale":"es_ES","og_type":"article","og_title":"Pol\u00edtica de privacidad - Elernia , Portal de formaci\u00f3n CETEM","og_description":"[vc_row el_class=\u00bbanchura-poco-reducida\u00bb][vc_column][vc_column_text] Pol\u00edtica de privacidad Tu privacidad es muy importante para nosotros, como tambi\u00e9n...","og_url":"https:\/\/www.elernia.cetem.es\/elernia\/politica-privacidad\/","og_site_name":"Elernia","article_modified_time":"2019-04-12T17:29:57+00:00","twitter_card":"summary_large_image","twitter_misc":{"Tiempo de lectura":"11 minutos"},"schema":{"@context":"https:\/\/schema.org","@graph":[{"@type":"WebPage","@id":"https:\/\/www.elernia.cetem.es\/elernia\/politica-privacidad\/","url":"https:\/\/www.elernia.cetem.es\/elernia\/politica-privacidad\/","name":"Pol\u00edtica de privacidad - Elernia , Portal de formaci\u00f3n CETEM","isPartOf":{"@id":"https:\/\/www.elernia.cetem.es\/elernia\/#website"},"datePublished":"2019-02-16T18:09:57+00:00","dateModified":"2019-04-12T17:29:57+00:00","breadcrumb":{"@id":"https:\/\/www.elernia.cetem.es\/elernia\/politica-privacidad\/#breadcrumb"},"inLanguage":"es","potentialAction":[{"@type":"ReadAction","target":["https:\/\/www.elernia.cetem.es\/elernia\/politica-privacidad\/"]}]},{"@type":"BreadcrumbList","@id":"https:\/\/www.elernia.cetem.es\/elernia\/politica-privacidad\/#breadcrumb","itemListElement":[{"@type":"ListItem","position":1,"name":"Portada","item":"https:\/\/www.elernia.cetem.es\/elernia\/"},{"@type":"ListItem","position":2,"name":"Pol\u00edtica de privacidad"}]},{"@type":"WebSite","@id":"https:\/\/www.elernia.cetem.es\/elernia\/#website","url":"https:\/\/www.elernia.cetem.es\/elernia\/","name":"Elernia","description":"Portal de formaci\u00f3n de CETEM","potentialAction":[{"@type":"SearchAction","target":{"@type":"EntryPoint","urlTemplate":"https:\/\/www.elernia.cetem.es\/elernia\/?s={search_term_string}"},"query-input":"required name=search_term_string"}],"inLanguage":"es"}]}},"_links":{"self":[{"href":"https:\/\/www.elernia.cetem.es\/elernia\/wp-json\/wp\/v2\/pages\/3"}],"collection":[{"href":"https:\/\/www.elernia.cetem.es\/elernia\/wp-json\/wp\/v2\/pages"}],"about":[{"href":"https:\/\/www.elernia.cetem.es\/elernia\/wp-json\/wp\/v2\/types\/page"}],"author":[{"embeddable":true,"href":"https:\/\/www.elernia.cetem.es\/elernia\/wp-json\/wp\/v2\/users\/1"}],"replies":[{"embeddable":true,"href":"https:\/\/www.elernia.cetem.es\/elernia\/wp-json\/wp\/v2\/comments?post=3"}],"version-history":[{"count":11,"href":"https:\/\/www.elernia.cetem.es\/elernia\/wp-json\/wp\/v2\/pages\/3\/revisions"}],"predecessor-version":[{"id":501,"href":"https:\/\/www.elernia.cetem.es\/elernia\/wp-json\/wp\/v2\/pages\/3\/revisions\/501"}],"wp:attachment":[{"href":"https:\/\/www.elernia.cetem.es\/elernia\/wp-json\/wp\/v2\/media?parent=3"}],"curies":[{"name":"wp","href":"https:\/\/api.w.org\/{rel}","templated":true}]}}